{"id":2944,"date":"2024-11-26T11:16:10","date_gmt":"2024-11-26T03:16:10","guid":{"rendered":"http:\/\/www.sentisblowmolding.com\/?post_type=product&#038;p=2944"},"modified":"2025-03-03T11:09:08","modified_gmt":"2025-03-03T03:09:08","slug":"pet-high-speed-automatic-blow-molding-machine","status":"publish","type":"product","link":"https:\/\/www.sentisblowmolding.com\/index.php\/product\/pet-high-speed-automatic-blow-molding-machine\/","title":{"rendered":"PET high speed automatic blow molding machine"},"content":{"rendered":"<p style=\"font-weight: 400;\">PET bottle blowing machine\u00a0is designed to meet the growing demands of high-speed PET bottle blowing, making it ideal for manufacturers looking to increase production efficiency and output.<\/p>\n<p style=\"font-weight: 400;\">\u00a0The heart of the machine is its stable main drive, which ensures smooth and reliable operation even at top speeds. Combined with its precise preform segmentation technology, it allows for precise and consistent bottle production, minimizing waste and maximizing productivity. Additionally, the safety mold frame construction provides added peace of mind, ensuring the safety of both the operator and the machine itself.<\/p>\n<p style=\"font-weight: 400;\">\u00a0But that&#8217;s not all &#8211; our high-speed PET blow molding machines also feature an intelligent operating system that streamlines the production process and allows for easy monitoring. Combined with standardized spare parts, maintenance and troubleshooting are a breeze, minimizing downtime and ensuring uninterrupted production.<\/p>\n<p style=\"font-weight: 400;\">\u00a0Whether you are in the beverage, pharmaceutical or cosmetics industry, our linear automatic high-speed bottle blowing machines are the perfect solution for your bottle production needs. Its high-speed capabilities coupled with advanced functionality and reliable performance make it ideal for manufacturers looking to stay ahead of the competition.<\/p>\n<p style=\"font-weight: 400;\">\u00a0So why settle for less than the best? Upgrade to our high-speed PET blow molding machine today and experience the difference it brings to your production line. With its cutting-edge technology and unparalleled performance, you can trust our machines to take your bottle production to the next level.<\/p>\n<h2><span>Product features<\/span><\/h2>\n<p style=\"font-weight: 400;\"><span>\u2605\u00a0<\/span>Accurate preform-divided<\/p>\n<ul>\n<li style=\"font-weight: 400;\">Servo driven equidistance preform-divided,safe,fast and\u00a0precise<\/li>\n<\/ul>\n<p style=\"font-weight: 400;\"><span>\u2605\u00a0<\/span>Servo mold-clamping<\/p>\n<ul>\n<li style=\"font-weight: 400;\">Servo driven mold clamp,bottom mold and mold clamping\u00a0linkage<\/li>\n<li style=\"font-weight: 400;\">High-pressure mold-locked guarantee the bottle blowing\u00a0speed and quality<\/li>\n<\/ul>\n<p style=\"font-weight: 400;\"><span>\u2605\u00a0<\/span>Stable main transmission<\/p>\n<ul>\n<li style=\"font-weight: 400;\">Servo driven stretch rods and main transmission<\/li>\n<li style=\"font-weight: 400;\">Double limits<\/li>\n<li style=\"font-weight: 400;\">Stretch rods can be auto adjusted,flexible and high precise<\/li>\n<\/ul>\n<p style=\"font-weight: 400;\"><span>\u2605\u00a0<\/span>Safety mold framework structure<\/p>\n<ul>\n<li style=\"font-weight: 400;\">Adopts drawer type structure,mold change and installation\u00a0are more safe and time-saving with special auxiliary tools<\/li>\n<\/ul>\n<p style=\"font-weight: 400;\"><span>\u2605\u00a0<\/span>Intelligent operation system<\/p>\n<ul>\n<li style=\"font-weight: 400;\">Human-machine interface control system,high\u00a0automation,easy operation and safe<\/li>\n<\/ul>\n<p style=\"font-weight: 400;\"><span>\u2605\u00a0<\/span>Standardized spare parts<\/p>\n<ul>\n<li style=\"font-weight: 400;\">High-quality standardized spare parts guarantee the reliable\u00a0and stability of the machines<\/li>\n<\/ul>\n<h2>Parameters<\/h2>\n<table style=\"padding: 0px; margin: 0px 0px 22px; background-color: #ffffff; width: 900px; border: 1px solid #E4EAEC; color: #2a333c; font-family: AddFont,  Microsoft Yahei; font-size: 15px; text-align: center;\">\n<tbody>\n<tr>\n<td><span>Composition<\/span><\/td>\n<td>Item<\/td>\n<td>Technical Parameters<\/td>\n<\/tr>\n<tr>\n<td colspan=\"1\" rowspan=\"11\">Product conditions<\/td>\n<td>Maximum product volume<\/td>\n<td><span>700 ml<\/span><\/td>\n<\/tr>\n<tr>\n<td><span>The maximum outer diameter of the bottle<\/span><\/td>\n<td>\u03a668 mm<\/td>\n<\/tr>\n<tr>\n<td><span>Maximum bottle height<\/span><\/td>\n<td>&lt;250 mm<\/td>\n<\/tr>\n<tr>\n<td><span>Maximum length of preform\u00a0<\/span><\/td>\n<td>&lt;115 mm<\/td>\n<\/tr>\n<tr>\n<td><span>Bottle thread outer diameter<\/span><\/td>\n<td>\u03a618- \u03a630 mm<\/td>\n<\/tr>\n<tr>\n<td><span>Heating distance<\/span><\/td>\n<td>76.2 mm<\/td>\n<\/tr>\n<tr>\n<td><span>Blowing distance\u00a0<\/span><\/td>\n<td>76.2 mm<\/td>\n<\/tr>\n<tr>\n<td><span>Mold opening stroke<\/span><\/td>\n<td>100 mm<\/td>\n<\/tr>\n<tr>\n<td><span>Bottom mold stroke\u00a0<\/span><\/td>\n<td>50 mm<\/td>\n<\/tr>\n<tr>\n<td><span>Theoretical output<\/span><\/td>\n<td><span>Theoretical output: 9,000 bottles\/hour (based on 0.55L Yibao round water bottle)<\/span><\/td>\n<\/tr>\n<tr>\n<td><span>Number of mold cavities<\/span><\/td>\n<td><span>\u00a06 cavities<\/span><\/td>\n<\/tr>\n<tr>\n<td colspan=\"1\" rowspan=\"3\">\nHeating part<\/td>\n<td><span>Number of heating heads<\/span><\/td>\n<td>108<\/td>\n<\/tr>\n<tr>\n<td><span>Heating unit\u00a0<\/span><\/td>\n<td>4 groups<\/td>\n<\/tr>\n<tr>\n<td><span>Number of heating and other layers:<\/span><\/td>\n<td>8 layers<\/td>\n<\/tr>\n<tr>\n<td colspan=\"1\" rowspan=\"4\"><span>Electrical parameters\u00a0<\/span><\/td>\n<td><span>Voltage<\/span><\/td>\n<td>220\/380 V\u00a0<span>\u00a0<\/span><\/td>\n<\/tr>\n<tr>\n<td><span>Frequency<\/span><\/td>\n<td>50\/60 Hz<\/td>\n<\/tr>\n<tr>\n<td><span>Installed power<\/span><\/td>\n<td>70 KW<\/td>\n<\/tr>\n<tr>\n<td><span>Use power<\/span><\/td>\n<td>40%-70%<\/td>\n<\/tr>\n<tr>\n<td colspan=\"1\" rowspan=\"4\">\nGas source<br \/>\n(High-pressure air consumption depends on the volume of the PET bottle)<\/td>\n<td><span>Low-pressure compressed air pressure<\/span><\/td>\n<td>1.0 Mpa<\/td>\n<\/tr>\n<tr>\n<td><span>Low pressure compressed air consumption\u00a0<\/span><\/td>\n<td>2m\u00b3\/min<\/td>\n<\/tr>\n<tr>\n<td><span>High pressure compressed air pressure<\/span><\/td>\n<td>3.5 Mpa<\/td>\n<\/tr>\n<tr>\n<td><span>High-pressure compressed air consumption<\/span><\/td>\n<td>6m<span>3<\/span>\/min\uff08<span>9000 bottles per hour, 1.5 liters<\/span>\uff09<\/td>\n<\/tr>\n<tr>\n<td colspan=\"1\" rowspan=\"2\"><span>Chilled water (water temperature \u226418\u2103)<\/span><\/td>\n<td><span>pressure<\/span><\/td>\n<td>2~4 bar<\/td>\n<\/tr>\n<tr>\n<td><span>Flow rate<\/span><\/td>\n<td>3.6 m<span>3<\/span>\/h<\/td>\n<\/tr>\n<tr>\n<td colspan=\"1\" rowspan=\"2\"><span>Cooling water (water temperature \u226430\u2103)<\/span><\/td>\n<td><span>pressure<\/span><\/td>\n<td>2~4 bar<\/td>\n<\/tr>\n<tr>\n<td><span>Flow rate<\/span><\/td>\n<td>6 m<span>3<\/span>\/h<\/td>\n<\/tr>\n<tr>\n<td colspan=\"1\"><span>Weight<\/span><\/td>\n<td><span>Main machine\/heating machine\/electric control box, etc.\u00a0<\/span><\/td>\n<td><span>about 7 tons<\/span><span>\u00a0<\/span><\/td>\n<\/tr>\n<tr>\n<td colspan=\"1\"><span>Equipment dimensions<\/span><\/td>\n<td><span>Host<\/span>(L\u00d7W\u00d7H)<\/td>\n<td>4.5m\u00d72.4m\u00d72.3m<\/td>\n<\/tr>\n<tr>\n<td colspan=\"1\"><\/td>\n<td><span>\u00a0 Embroidery machine (L\u00d7W\u00d7H) 2.8m\u00d72.8m\u00d73.0m<\/span>)<\/td>\n<td>2.8m\u00d72.8m\u00d73.0m<\/td>\n<\/tr>\n<\/tbody>\n<\/table>\n","protected":false},"excerpt":{"rendered":"<p>PET bottle blowing machine\u00a0is designed to meet the growing demands of high-speed PET bottle blowing, making it ideal for manufacturers looking to increase production efficiency and output.<\/p>\n","protected":false},"featured_media":2988,"comment_status":"open","ping_status":"closed","template":"","meta":[],"product_cat":[68],"product_tag":[],"class_list":["post-2944","product","type-product","status-publish","has-post-thumbnail","hentry","product_cat-pet-blow-molding-machine"],"yoast_head":"<!-- This site is optimized with the Yoast SEO plugin v25.5 - https:\/\/yoast.com\/wordpress\/plugins\/seo\/ -->\n<title>PET high speed automatic blow molding machine - Sentis<\/title>\n<meta name=\"description\" content=\"We are a PE blow molding machine manufacturer in China With rich experience in PET high speed automatic blow molding machine , with Competitive price and top quality.\" \/>\n<meta name=\"robots\" content=\"index, follow, max-snippet:-1, max-image-preview:large, max-video-preview:-1\" \/>\n<link rel=\"canonical\" href=\"https:\/\/www.sentisblowmolding.com\/index.php\/product\/pet-high-speed-automatic-blow-molding-machine\/\" \/>\n<meta property=\"og:locale\" content=\"en_US\" \/>\n<meta property=\"og:type\" content=\"article\" \/>\n<meta property=\"og:title\" content=\"PET high speed automatic blow molding machine - Sentis\" \/>\n<meta property=\"og:description\" content=\"We are a PE blow molding machine manufacturer in China With rich experience in PET high speed automatic blow molding machine , with Competitive price and top quality.\" \/>\n<meta property=\"og:url\" content=\"https:\/\/www.sentisblowmolding.com\/index.php\/product\/pet-high-speed-automatic-blow-molding-machine\/\" \/>\n<meta property=\"og:site_name\" content=\"Sentis\" \/>\n<meta property=\"article:modified_time\" content=\"2025-03-03T03:09:08+00:00\" \/>\n<meta property=\"og:image\" content=\"https:\/\/www.sentisblowmolding.com\/wp-content\/uploads\/2024\/11\/0.75-PET-1.jpg\" \/>\n\t<meta property=\"og:image:width\" content=\"1000\" \/>\n\t<meta property=\"og:image:height\" content=\"997\" \/>\n\t<meta property=\"og:image:type\" content=\"image\/jpeg\" \/>\n<meta name=\"twitter:card\" content=\"summary_large_image\" \/>\n<meta name=\"twitter:label1\" content=\"Est. reading time\" \/>\n\t<meta name=\"twitter:data1\" content=\"3 minutes\" \/>\n<script type=\"application\/ld+json\" class=\"yoast-schema-graph\">{\"@context\":\"https:\/\/schema.org\",\"@graph\":[{\"@type\":\"WebPage\",\"@id\":\"https:\/\/www.sentisblowmolding.com\/index.php\/product\/pet-high-speed-automatic-blow-molding-machine\/\",\"url\":\"https:\/\/www.sentisblowmolding.com\/index.php\/product\/pet-high-speed-automatic-blow-molding-machine\/\",\"name\":\"PET high speed automatic blow molding machine - Sentis\",\"isPartOf\":{\"@id\":\"https:\/\/www.sentisblowmolding.com\/#website\"},\"primaryImageOfPage\":{\"@id\":\"https:\/\/www.sentisblowmolding.com\/index.php\/product\/pet-high-speed-automatic-blow-molding-machine\/#primaryimage\"},\"image\":{\"@id\":\"https:\/\/www.sentisblowmolding.com\/index.php\/product\/pet-high-speed-automatic-blow-molding-machine\/#primaryimage\"},\"thumbnailUrl\":\"https:\/\/www.sentisblowmolding.com\/wp-content\/uploads\/2024\/11\/0.75-PET-1.jpg\",\"datePublished\":\"2024-11-26T03:16:10+00:00\",\"dateModified\":\"2025-03-03T03:09:08+00:00\",\"description\":\"We are a PE blow molding machine manufacturer in China With rich experience in PET high speed automatic blow molding machine , with Competitive price and top quality.\",\"breadcrumb\":{\"@id\":\"https:\/\/www.sentisblowmolding.com\/index.php\/product\/pet-high-speed-automatic-blow-molding-machine\/#breadcrumb\"},\"inLanguage\":\"en-US\",\"potentialAction\":[{\"@type\":\"ReadAction\",\"target\":[\"https:\/\/www.sentisblowmolding.com\/index.php\/product\/pet-high-speed-automatic-blow-molding-machine\/\"]}]},{\"@type\":\"ImageObject\",\"inLanguage\":\"en-US\",\"@id\":\"https:\/\/www.sentisblowmolding.com\/index.php\/product\/pet-high-speed-automatic-blow-molding-machine\/#primaryimage\",\"url\":\"https:\/\/www.sentisblowmolding.com\/wp-content\/uploads\/2024\/11\/0.75-PET-1.jpg\",\"contentUrl\":\"https:\/\/www.sentisblowmolding.com\/wp-content\/uploads\/2024\/11\/0.75-PET-1.jpg\",\"width\":1000,\"height\":997},{\"@type\":\"BreadcrumbList\",\"@id\":\"https:\/\/www.sentisblowmolding.com\/index.php\/product\/pet-high-speed-automatic-blow-molding-machine\/#breadcrumb\",\"itemListElement\":[{\"@type\":\"ListItem\",\"position\":1,\"name\":\"\u9996\u9875\",\"item\":\"https:\/\/www.sentisblowmolding.com\/\"},{\"@type\":\"ListItem\",\"position\":2,\"name\":\"Products\",\"item\":\"https:\/\/www.sentisblowmolding.com\/index.php\/products\/\"},{\"@type\":\"ListItem\",\"position\":3,\"name\":\"PET high speed automatic blow molding machine\"}]},{\"@type\":\"WebSite\",\"@id\":\"https:\/\/www.sentisblowmolding.com\/#website\",\"url\":\"https:\/\/www.sentisblowmolding.com\/\",\"name\":\"Sentis\",\"description\":\"\",\"potentialAction\":[{\"@type\":\"SearchAction\",\"target\":{\"@type\":\"EntryPoint\",\"urlTemplate\":\"https:\/\/www.sentisblowmolding.com\/?s={search_term_string}\"},\"query-input\":{\"@type\":\"PropertyValueSpecification\",\"valueRequired\":true,\"valueName\":\"search_term_string\"}}],\"inLanguage\":\"en-US\"}]}<\/script>\n<!-- \/ Yoast SEO plugin. -->","yoast_head_json":{"title":"PET high speed automatic blow molding machine - Sentis","description":"We are a PE blow molding machine manufacturer in China With rich experience in PET high speed automatic blow molding machine , with Competitive price and top quality.","robots":{"index":"index","follow":"follow","max-snippet":"max-snippet:-1","max-image-preview":"max-image-preview:large","max-video-preview":"max-video-preview:-1"},"canonical":"https:\/\/www.sentisblowmolding.com\/index.php\/product\/pet-high-speed-automatic-blow-molding-machine\/","og_locale":"en_US","og_type":"article","og_title":"PET high speed automatic blow molding machine - Sentis","og_description":"We are a PE blow molding machine manufacturer in China With rich experience in PET high speed automatic blow molding machine , with Competitive price and top quality.","og_url":"https:\/\/www.sentisblowmolding.com\/index.php\/product\/pet-high-speed-automatic-blow-molding-machine\/","og_site_name":"Sentis","article_modified_time":"2025-03-03T03:09:08+00:00","og_image":[{"width":1000,"height":997,"url":"https:\/\/www.sentisblowmolding.com\/wp-content\/uploads\/2024\/11\/0.75-PET-1.jpg","type":"image\/jpeg"}],"twitter_card":"summary_large_image","twitter_misc":{"Est. reading time":"3 minutes"},"schema":{"@context":"https:\/\/schema.org","@graph":[{"@type":"WebPage","@id":"https:\/\/www.sentisblowmolding.com\/index.php\/product\/pet-high-speed-automatic-blow-molding-machine\/","url":"https:\/\/www.sentisblowmolding.com\/index.php\/product\/pet-high-speed-automatic-blow-molding-machine\/","name":"PET high speed automatic blow molding machine - Sentis","isPartOf":{"@id":"https:\/\/www.sentisblowmolding.com\/#website"},"primaryImageOfPage":{"@id":"https:\/\/www.sentisblowmolding.com\/index.php\/product\/pet-high-speed-automatic-blow-molding-machine\/#primaryimage"},"image":{"@id":"https:\/\/www.sentisblowmolding.com\/index.php\/product\/pet-high-speed-automatic-blow-molding-machine\/#primaryimage"},"thumbnailUrl":"https:\/\/www.sentisblowmolding.com\/wp-content\/uploads\/2024\/11\/0.75-PET-1.jpg","datePublished":"2024-11-26T03:16:10+00:00","dateModified":"2025-03-03T03:09:08+00:00","description":"We are a PE blow molding machine manufacturer in China With rich experience in PET high speed automatic blow molding machine , with Competitive price and top quality.","breadcrumb":{"@id":"https:\/\/www.sentisblowmolding.com\/index.php\/product\/pet-high-speed-automatic-blow-molding-machine\/#breadcrumb"},"inLanguage":"en-US","potentialAction":[{"@type":"ReadAction","target":["https:\/\/www.sentisblowmolding.com\/index.php\/product\/pet-high-speed-automatic-blow-molding-machine\/"]}]},{"@type":"ImageObject","inLanguage":"en-US","@id":"https:\/\/www.sentisblowmolding.com\/index.php\/product\/pet-high-speed-automatic-blow-molding-machine\/#primaryimage","url":"https:\/\/www.sentisblowmolding.com\/wp-content\/uploads\/2024\/11\/0.75-PET-1.jpg","contentUrl":"https:\/\/www.sentisblowmolding.com\/wp-content\/uploads\/2024\/11\/0.75-PET-1.jpg","width":1000,"height":997},{"@type":"BreadcrumbList","@id":"https:\/\/www.sentisblowmolding.com\/index.php\/product\/pet-high-speed-automatic-blow-molding-machine\/#breadcrumb","itemListElement":[{"@type":"ListItem","position":1,"name":"\u9996\u9875","item":"https:\/\/www.sentisblowmolding.com\/"},{"@type":"ListItem","position":2,"name":"Products","item":"https:\/\/www.sentisblowmolding.com\/index.php\/products\/"},{"@type":"ListItem","position":3,"name":"PET high speed automatic blow molding machine"}]},{"@type":"WebSite","@id":"https:\/\/www.sentisblowmolding.com\/#website","url":"https:\/\/www.sentisblowmolding.com\/","name":"Sentis","description":"","potentialAction":[{"@type":"SearchAction","target":{"@type":"EntryPoint","urlTemplate":"https:\/\/www.sentisblowmolding.com\/?s={search_term_string}"},"query-input":{"@type":"PropertyValueSpecification","valueRequired":true,"valueName":"search_term_string"}}],"inLanguage":"en-US"}]}},"_links":{"self":[{"href":"https:\/\/www.sentisblowmolding.com\/index.php\/wp-json\/wp\/v2\/product\/2944","targetHints":{"allow":["GET"]}}],"collection":[{"href":"https:\/\/www.sentisblowmolding.com\/index.php\/wp-json\/wp\/v2\/product"}],"about":[{"href":"https:\/\/www.sentisblowmolding.com\/index.php\/wp-json\/wp\/v2\/types\/product"}],"replies":[{"embeddable":true,"href":"https:\/\/www.sentisblowmolding.com\/index.php\/wp-json\/wp\/v2\/comments?post=2944"}],"wp:featuredmedia":[{"embeddable":true,"href":"https:\/\/www.sentisblowmolding.com\/index.php\/wp-json\/wp\/v2\/media\/2988"}],"wp:attachment":[{"href":"https:\/\/www.sentisblowmolding.com\/index.php\/wp-json\/wp\/v2\/media?parent=2944"}],"wp:term":[{"taxonomy":"product_cat","embeddable":true,"href":"https:\/\/www.sentisblowmolding.com\/index.php\/wp-json\/wp\/v2\/product_cat?post=2944"},{"taxonomy":"product_tag","embeddable":true,"href":"https:\/\/www.sentisblowmolding.com\/index.php\/wp-json\/wp\/v2\/product_tag?post=2944"}],"curies":[{"name":"wp","href":"https:\/\/api.w.org\/{rel}","templated":true}]}}